{"id":1318,"date":"2017-05-03T19:16:53","date_gmt":"2017-05-03T19:16:53","guid":{"rendered":"http:\/\/botanik.com.br\/site\/?post_type=product&#038;p=1318"},"modified":"2021-01-13T16:35:43","modified_gmt":"2021-01-13T16:35:43","slug":"creme-de-maos-olive","status":"publish","type":"product","link":"https:\/\/botanik.com.br\/site\/?product=creme-de-maos-olive","title":{"rendered":"Creme de M\u00e3os Olive 60g"},"content":{"rendered":"","protected":false},"excerpt":{"rendered":"<p>Hidrata deixando as m\u00e3os macias e com toque seco, prevenindo e combatendo o ressecamento, formando um filme protetor. Retira odores indesej\u00e1veis da pele, deixando em seu lugar um suave perfume. Produto Vegano.<\/p>\n","protected":false},"featured_media":1751,"template":"","meta":[],"_links":{"self":[{"href":"https:\/\/botanik.com.br\/site\/index.php?rest_route=\/wp\/v2\/product\/1318"}],"collection":[{"href":"https:\/\/botanik.com.br\/site\/index.php?rest_route=\/wp\/v2\/product"}],"about":[{"href":"https:\/\/botanik.com.br\/site\/index.php?rest_route=\/wp\/v2\/types\/product"}],"wp:featuredmedia":[{"embeddable":true,"href":"https:\/\/botanik.com.br\/site\/index.php?rest_route=\/wp\/v2\/media\/1751"}],"wp:attachment":[{"href":"https:\/\/botanik.com.br\/site\/index.php?rest_route=%2Fwp%2Fv2%2Fmedia&parent=1318"}],"curies":[{"name":"wp","href":"https:\/\/api.w.org\/{rel}","templated":true}]}}