{"id":129,"date":"2016-04-06T18:34:52","date_gmt":"2016-04-06T18:34:52","guid":{"rendered":"http:\/\/localhost:8888\/botanik\/?post_type=product&#038;p=129"},"modified":"2021-01-13T16:49:19","modified_gmt":"2021-01-13T16:49:19","slug":"creme-esfoliante","status":"publish","type":"product","link":"https:\/\/botanik.com.br\/site\/?product=creme-esfoliante","title":{"rendered":"Creme de Massagem Esfoliante 650g"},"content":{"rendered":"<p>O Creme Esfoliante oferece uma excelente performance em massagens<br \/>\nas quais \u00e9 desejada a a\u00e7\u00e3o de esfolia\u00e7\u00e3o. Sua f\u00f3rmula suave permite um<br \/>\nf\u00e1cil deslizamento e lubrifica\u00e7\u00e3o da pele. As part\u00edculas promovem uma<br \/>\neficaz a\u00e7\u00e3o esfoliante, promovendo uma profunda limpeza da pele,<br \/>\nremovendo impurezas e c\u00e9lulas mortas.<\/p>\n","protected":false},"excerpt":{"rendered":"<p>Sua f\u00f3rmula suave permite um f\u00e1cil deslizamento e lubrifica\u00e7\u00e3o da pele. As part\u00edculas promovem uma eficaz a\u00e7\u00e3o esfoliante, promovendo uma profunda limpeza da pele, removendo impurezas e c\u00e9lulas mortas.<\/p>\n","protected":false},"featured_media":922,"template":"","meta":[],"_links":{"self":[{"href":"https:\/\/botanik.com.br\/site\/index.php?rest_route=\/wp\/v2\/product\/129"}],"collection":[{"href":"https:\/\/botanik.com.br\/site\/index.php?rest_route=\/wp\/v2\/product"}],"about":[{"href":"https:\/\/botanik.com.br\/site\/index.php?rest_route=\/wp\/v2\/types\/product"}],"wp:featuredmedia":[{"embeddable":true,"href":"https:\/\/botanik.com.br\/site\/index.php?rest_route=\/wp\/v2\/media\/922"}],"wp:attachment":[{"href":"https:\/\/botanik.com.br\/site\/index.php?rest_route=%2Fwp%2Fv2%2Fmedia&parent=129"}],"curies":[{"name":"wp","href":"https:\/\/api.w.org\/{rel}","templated":true}]}}