{"id":128,"date":"2016-04-06T18:31:57","date_gmt":"2016-04-06T18:31:57","guid":{"rendered":"http:\/\/localhost:8888\/botanik\/?post_type=product&#038;p=128"},"modified":"2021-01-13T16:49:19","modified_gmt":"2021-01-13T16:49:19","slug":"creme-de-massagem-centella-cafeina","status":"publish","type":"product","link":"https:\/\/botanik.com.br\/site\/?product=creme-de-massagem-centella-cafeina","title":{"rendered":"Creme de Massagem Centella 650g"},"content":{"rendered":"","protected":false},"excerpt":{"rendered":"<p>Formulado com ativos que possuem propriedades anti-inflamat\u00f3rias, vasoprotetoras e tonificantes. Rico em Asiaticos\u00eddeo, que atua sobre a circula\u00e7\u00e3o de retorno, assim aumentando a elasticidade das paredes venosas melhorando a circula\u00e7\u00e3o sangu\u00ednea.<\/p>\n","protected":false},"featured_media":923,"template":"","meta":[],"_links":{"self":[{"href":"https:\/\/botanik.com.br\/site\/index.php?rest_route=\/wp\/v2\/product\/128"}],"collection":[{"href":"https:\/\/botanik.com.br\/site\/index.php?rest_route=\/wp\/v2\/product"}],"about":[{"href":"https:\/\/botanik.com.br\/site\/index.php?rest_route=\/wp\/v2\/types\/product"}],"wp:featuredmedia":[{"embeddable":true,"href":"https:\/\/botanik.com.br\/site\/index.php?rest_route=\/wp\/v2\/media\/923"}],"wp:attachment":[{"href":"https:\/\/botanik.com.br\/site\/index.php?rest_route=%2Fwp%2Fv2%2Fmedia&parent=128"}],"curies":[{"name":"wp","href":"https:\/\/api.w.org\/{rel}","templated":true}]}}