{"id":125,"date":"2016-04-06T17:44:57","date_gmt":"2016-04-06T17:44:57","guid":{"rendered":"http:\/\/localhost:8888\/botanik\/?post_type=product&#038;p=125"},"modified":"2021-01-13T16:49:19","modified_gmt":"2021-01-13T16:49:19","slug":"creme-de-massagem-arnica-e-betula","status":"publish","type":"product","link":"https:\/\/botanik.com.br\/site\/?product=creme-de-massagem-arnica-e-betula","title":{"rendered":"Creme de Massagem Arnica e B\u00e9tula 650g"},"content":{"rendered":"","protected":false},"excerpt":{"rendered":"<p>Possui Ativos Tonificantes, estimulantes, drenantes e descongestionantes que normalizam a microcircula\u00e7\u00e3o superficial, ativando a absor\u00e7\u00e3o do edema e equilibrando o sistema linf\u00e1tico e  venoso.<\/p>\n","protected":false},"featured_media":924,"template":"","meta":[],"_links":{"self":[{"href":"https:\/\/botanik.com.br\/site\/index.php?rest_route=\/wp\/v2\/product\/125"}],"collection":[{"href":"https:\/\/botanik.com.br\/site\/index.php?rest_route=\/wp\/v2\/product"}],"about":[{"href":"https:\/\/botanik.com.br\/site\/index.php?rest_route=\/wp\/v2\/types\/product"}],"wp:featuredmedia":[{"embeddable":true,"href":"https:\/\/botanik.com.br\/site\/index.php?rest_route=\/wp\/v2\/media\/924"}],"wp:attachment":[{"href":"https:\/\/botanik.com.br\/site\/index.php?rest_route=%2Fwp%2Fv2%2Fmedia&parent=125"}],"curies":[{"name":"wp","href":"https:\/\/api.w.org\/{rel}","templated":true}]}}