{"id":124,"date":"2016-04-06T17:43:42","date_gmt":"2016-04-06T17:43:42","guid":{"rendered":"http:\/\/localhost:8888\/botanik\/?post_type=product&#038;p=124"},"modified":"2021-01-13T16:49:19","modified_gmt":"2021-01-13T16:49:19","slug":"creme-de-massagem-algas-e-parafina","status":"publish","type":"product","link":"https:\/\/botanik.com.br\/site\/?product=creme-de-massagem-algas-e-parafina","title":{"rendered":"Creme de Massagem Algas e Parafina 650g"},"content":{"rendered":"","protected":false},"excerpt":{"rendered":"<p>Formulado com Ativos Tonificantes que estimulam a circula\u00e7\u00e3o sangu\u00ednea, contribuindo para a redu\u00e7\u00e3o de gordura, elimina\u00e7\u00e3o de toxinas e estimula\u00e7\u00e3o metab\u00f3lica. Auxilia no combate \u00e0 celulite.<\/p>\n","protected":false},"featured_media":951,"template":"","meta":[],"_links":{"self":[{"href":"https:\/\/botanik.com.br\/site\/index.php?rest_route=\/wp\/v2\/product\/124"}],"collection":[{"href":"https:\/\/botanik.com.br\/site\/index.php?rest_route=\/wp\/v2\/product"}],"about":[{"href":"https:\/\/botanik.com.br\/site\/index.php?rest_route=\/wp\/v2\/types\/product"}],"wp:featuredmedia":[{"embeddable":true,"href":"https:\/\/botanik.com.br\/site\/index.php?rest_route=\/wp\/v2\/media\/951"}],"wp:attachment":[{"href":"https:\/\/botanik.com.br\/site\/index.php?rest_route=%2Fwp%2Fv2%2Fmedia&parent=124"}],"curies":[{"name":"wp","href":"https:\/\/api.w.org\/{rel}","templated":true}]}}