{"id":1026,"date":"2017-01-31T15:27:26","date_gmt":"2017-01-31T15:27:26","guid":{"rendered":"http:\/\/botanik.com.br\/site\/?post_type=product&#038;p=1026"},"modified":"2021-01-13T14:57:19","modified_gmt":"2021-01-13T14:57:19","slug":"excipiente-locao-nao-ionica","status":"publish","type":"product","link":"https:\/\/botanik.com.br\/site\/?product=excipiente-locao-nao-ionica","title":{"rendered":"Excipiente Lo\u00e7\u00e3o N\u00e3o I\u00f4nica 4,5kg"},"content":{"rendered":"","protected":false},"excerpt":{"rendered":"","protected":false},"featured_media":1424,"template":"","meta":[],"_links":{"self":[{"href":"https:\/\/botanik.com.br\/site\/index.php?rest_route=\/wp\/v2\/product\/1026"}],"collection":[{"href":"https:\/\/botanik.com.br\/site\/index.php?rest_route=\/wp\/v2\/product"}],"about":[{"href":"https:\/\/botanik.com.br\/site\/index.php?rest_route=\/wp\/v2\/types\/product"}],"wp:featuredmedia":[{"embeddable":true,"href":"https:\/\/botanik.com.br\/site\/index.php?rest_route=\/wp\/v2\/media\/1424"}],"wp:attachment":[{"href":"https:\/\/botanik.com.br\/site\/index.php?rest_route=%2Fwp%2Fv2%2Fmedia&parent=1026"}],"curies":[{"name":"wp","href":"https:\/\/api.w.org\/{rel}","templated":true}]}}