{"id":1006,"date":"2017-01-31T15:02:31","date_gmt":"2017-01-31T15:02:31","guid":{"rendered":"http:\/\/botanik.com.br\/site\/?post_type=product&#038;p=1006"},"modified":"2021-01-13T14:57:21","modified_gmt":"2021-01-13T14:57:21","slug":"excipiente-creme-nao-ionico-hipoalergenico","status":"publish","type":"product","link":"https:\/\/botanik.com.br\/site\/?product=excipiente-creme-nao-ionico-hipoalergenico","title":{"rendered":"Excipiente Creme N\u00e3o I\u00f4nico Hipoalerg\u00eanico 3,5kg"},"content":{"rendered":"","protected":false},"excerpt":{"rendered":"","protected":false},"featured_media":1416,"template":"","meta":[],"_links":{"self":[{"href":"https:\/\/botanik.com.br\/site\/index.php?rest_route=\/wp\/v2\/product\/1006"}],"collection":[{"href":"https:\/\/botanik.com.br\/site\/index.php?rest_route=\/wp\/v2\/product"}],"about":[{"href":"https:\/\/botanik.com.br\/site\/index.php?rest_route=\/wp\/v2\/types\/product"}],"wp:featuredmedia":[{"embeddable":true,"href":"https:\/\/botanik.com.br\/site\/index.php?rest_route=\/wp\/v2\/media\/1416"}],"wp:attachment":[{"href":"https:\/\/botanik.com.br\/site\/index.php?rest_route=%2Fwp%2Fv2%2Fmedia&parent=1006"}],"curies":[{"name":"wp","href":"https:\/\/api.w.org\/{rel}","templated":true}]}}