{"id":1113,"date":"2017-03-01T19:00:39","date_gmt":"2017-03-01T19:00:39","guid":{"rendered":"http:\/\/botanik.com.br\/site\/?page_id=1113"},"modified":"2017-06-05T14:07:37","modified_gmt":"2017-06-05T14:07:37","slug":"pagina-inicial","status":"publish","type":"page","link":"https:\/\/botanik.com.br\/site\/","title":{"rendered":"Pagina inicial"},"content":{"rendered":"<div id=\"pl-1113\"  class=\"panel-layout\" ><div id=\"pg-1113-0\"  class=\"panel-grid panel-no-style\" ><div id=\"pgc-1113-0-0\"  class=\"panel-grid-cell\" ><div id=\"panel-1113-0-0-0\" class=\"so-panel widget widget_sow-image panel-first-child panel-last-child\" data-index=\"0\" ><div class=\"panel-widget-style panel-widget-style-for-1113-0-0-0\" ><div class=\"so-widget-sow-image so-widget-sow-image-default-4b231843ec72\">\n\n<div class=\"sow-image-container\">\n<a href=\"http:\/\/botanik.com.br\/site\/?product_cat=linha-ambiental\" >\t<img src=\"https:\/\/botanik.com.br\/site\/wp-content\/uploads\/2017\/03\/aromas-slide-01.jpg\" width=\"1367\" height=\"96\" srcset=\"https:\/\/botanik.com.br\/site\/wp-content\/uploads\/2017\/03\/aromas-slide-01.jpg 1367w, https:\/\/botanik.com.br\/site\/wp-content\/uploads\/2017\/03\/aromas-slide-01-300x21.jpg 300w, https:\/\/botanik.com.br\/site\/wp-content\/uploads\/2017\/03\/aromas-slide-01-768x54.jpg 768w, https:\/\/botanik.com.br\/site\/wp-content\/uploads\/2017\/03\/aromas-slide-01-1024x72.jpg 1024w\" sizes=\"(max-width: 1367px) 100vw, 1367px\" alt=\"\" \t\tclass=\"so-widget-image\"\/>\n<\/a><\/div>\n\n<\/div><\/div><\/div><\/div><\/div><div id=\"pg-1113-1\"  class=\"panel-grid panel-no-style\" ><div id=\"pgc-1113-1-0\"  class=\"panel-grid-cell\" ><div id=\"panel-1113-1-0-0\" class=\"so-panel widget widget_metaslider_widget panel-first-child panel-last-child\" data-index=\"1\" ><div id=\"metaslider-id-50\" style=\"width: 100%; margin: 0 auto;\" class=\"ml-slider-3-19-0 metaslider metaslider-flex metaslider-50 ml-slider nav-hidden\">\n    <div id=\"metaslider_container_50\">\n        <div id=\"metaslider_50\" class=\"flexslider\">\n            <ul aria-live=\"polite\" class=\"slides\">\n                <li style=\"display: block; width: 100%;\" class=\"slide-1704 ms-image\"><a href=\"http:\/\/botanik.com.br\/site\/?product_cat=brilho-perola\" target=\"_self\"><img src=\"https:\/\/botanik.com.br\/site\/wp-content\/uploads\/2017\/06\/SLIDE-4-01-1800x385.jpg\" height=\"385\" width=\"1800\" alt=\"\" class=\"slider-50 slide-1704\" \/><\/a><\/li>\n                <li style=\"display: none; width: 100%;\" class=\"slide-1685 ms-image\"><a href=\"http:\/\/botanik.com.br\/site\/?page_id=1342\" target=\"_self\"><img src=\"https:\/\/botanik.com.br\/site\/wp-content\/uploads\/2017\/05\/banner-terceirizacao-01-1.jpg\" height=\"385\" width=\"1800\" alt=\"\" class=\"slider-50 slide-1685\" \/><\/a><\/li>\n                <li style=\"display: none; width: 100%;\" class=\"slide-1144 ms-image\"><a href=\"http:\/\/www.botanik.com.br\/site\/?product=creme-snake-venom-com-veneno-de-cobra\" target=\"_self\"><img src=\"https:\/\/botanik.com.br\/site\/wp-content\/uploads\/2017\/05\/SLIDE-2-01-1.jpg\" height=\"385\" width=\"1800\" alt=\"\" class=\"slider-50 slide-1144\" title=\"snake venom, veneno de cobra\" \/><\/a><\/li>\n                <li style=\"display: none; width: 100%;\" class=\"slide-1146 ms-image\"><a href=\"http:\/\/www.botanik.com.br\/site\/?product_cat=linha-face\" target=\"_self\"><img src=\"https:\/\/botanik.com.br\/site\/wp-content\/uploads\/2017\/05\/SLIDE-3-01.jpg\" height=\"385\" width=\"1800\" alt=\"\" class=\"slider-50 slide-1146\" \/><\/a><\/li>\n                <li style=\"display: none; width: 100%;\" class=\"slide-1739 ms-image\"><a href=\"http:\/\/www.botanik.com.br\/site\/?product_cat=linha-capilar\" target=\"_self\"><img src=\"https:\/\/botanik.com.br\/site\/wp-content\/uploads\/2018\/04\/SLIDE-1-01-1800x385.jpg\" height=\"385\" width=\"1800\" alt=\"\" class=\"slider-50 slide-1739\" \/><\/a><\/li>\n            <\/ul>\n        <\/div>\n        \n    <\/div>\n<\/div><\/div><\/div><\/div><div id=\"pg-1113-2\"  class=\"panel-grid panel-no-style\" ><div id=\"pgc-1113-2-0\"  class=\"panel-grid-cell\" ><div id=\"panel-1113-2-0-0\" class=\"so-panel widget widget_text panel-first-child panel-last-child\" data-index=\"2\" ><h3 class=\"widget-title\">Frete para todo o Brasil<\/h3>\t\t\t<div class=\"textwidget\">Envio via Correios por PAC ou SEDEX<\/div>\n\t\t<\/div><\/div><div id=\"pgc-1113-2-1\"  class=\"panel-grid-cell\" ><div id=\"panel-1113-2-1-0\" class=\"so-panel widget widget_text panel-first-child panel-last-child\" data-index=\"3\" ><div class=\"panel-widget-style panel-widget-style-for-1113-2-1-0\" ><h3 class=\"widget-title\">Compre com o cart\u00e3o de cr\u00e9dito<\/h3>\t\t\t<div class=\"textwidget\">Parcele em at\u00e9 12x*<\/div>\n\t\t<\/div><\/div><\/div><div id=\"pgc-1113-2-2\"  class=\"panel-grid-cell\" ><div id=\"panel-1113-2-2-0\" class=\"so-panel widget widget_text panel-first-child panel-last-child\" data-index=\"4\" ><div class=\"panel-widget-style panel-widget-style-for-1113-2-2-0\" ><h3 class=\"widget-title\">Pague \u00e0 vista<\/h3>\t\t\t<div class=\"textwidget\">Diretamente no boleto!<\/div>\n\t\t<\/div><\/div><\/div><div id=\"pgc-1113-2-3\"  class=\"panel-grid-cell\" ><div id=\"panel-1113-2-3-0\" class=\"so-panel widget widget_text panel-first-child panel-last-child\" data-index=\"5\" ><h3 class=\"widget-title\">Acompanhe nossas redes sociais<\/h3>\t\t\t<div class=\"textwidget\"><a href=\"https:\/\/www.facebook.com\/botanik.kosmetics\/\" target=\"_blank\" rel=\"noopener noreferrer\">Curta nossa fanpage no facebook.<\/a><br\/>\n<a href=\"https:\/\/www.instagram.com\/botanikkosmetics\/\" target=\"_blank\" rel=\"noopener noreferrer\">Siga-nos no Instagram.<\/a><\/div>\n\t\t<\/div><\/div><\/div><div id=\"pg-1113-3\"  class=\"panel-grid panel-has-style\" ><div class=\"panel-row-style panel-row-style-for-1113-3\" ><div id=\"pgc-1113-3-0\"  class=\"panel-grid-cell\" ><\/div><\/div><\/div><div id=\"pg-1113-4\"  class=\"panel-grid panel-has-style\" ><div class=\"panel-row-style panel-row-style-for-1113-4\" ><div id=\"pgc-1113-4-0\"  class=\"panel-grid-cell\" ><div id=\"panel-1113-4-0-0\" class=\"so-panel widget widget_sow-image panel-first-child panel-last-child\" data-index=\"7\" ><div class=\"so-widget-sow-image so-widget-sow-image-default-d6014b76747a\">\n\n<div class=\"sow-image-container\">\n<a href=\"https:\/\/botanik.com.br\/site\/?page_id=1342\" >\t<img src=\"https:\/\/botanik.com.br\/site\/wp-content\/uploads\/2017\/03\/BK-PLACAS-01-2.jpg\" width=\"1701\" height=\"2268\" srcset=\"https:\/\/botanik.com.br\/site\/wp-content\/uploads\/2017\/03\/BK-PLACAS-01-2.jpg 1701w, https:\/\/botanik.com.br\/site\/wp-content\/uploads\/2017\/03\/BK-PLACAS-01-2-225x300.jpg 225w, https:\/\/botanik.com.br\/site\/wp-content\/uploads\/2017\/03\/BK-PLACAS-01-2-768x1024.jpg 768w\" sizes=\"(max-width: 1701px) 100vw, 1701px\" title=\"BK-PLACAS-01\" alt=\"\" \t\tclass=\"so-widget-image\"\/>\n<\/a><\/div>\n\n<\/div><\/div><\/div><div id=\"pgc-1113-4-1\"  class=\"panel-grid-cell\" ><div id=\"panel-1113-4-1-0\" class=\"so-panel widget widget_sow-image panel-first-child panel-last-child\" data-index=\"8\" ><div class=\"so-widget-sow-image so-widget-sow-image-default-d6014b76747a\">\n\n<div class=\"sow-image-container\">\n<a href=\"https:\/\/botanik.com.br\/site\/?page_id=954\" >\t<img src=\"https:\/\/botanik.com.br\/site\/wp-content\/uploads\/2017\/03\/BK-PLACAS-03.jpg\" width=\"300\" height=\"400\" srcset=\"https:\/\/botanik.com.br\/site\/wp-content\/uploads\/2017\/03\/BK-PLACAS-03.jpg 300w, https:\/\/botanik.com.br\/site\/wp-content\/uploads\/2017\/03\/BK-PLACAS-03-225x300.jpg 225w\" sizes=\"(max-width: 300px) 100vw, 300px\" title=\"Print\" alt=\"\" \t\tclass=\"so-widget-image\"\/>\n<\/a><\/div>\n\n<\/div><\/div><\/div><div id=\"pgc-1113-4-2\"  class=\"panel-grid-cell\" ><div id=\"panel-1113-4-2-0\" class=\"so-panel widget widget_sow-image panel-first-child panel-last-child\" data-index=\"9\" ><div class=\"so-widget-sow-image so-widget-sow-image-default-d6014b76747a\">\n\n<div class=\"sow-image-container\">\n<a href=\"http:\/\/www.botanik.com.br\/site\/?product_cat=btnk\" >\t<img src=\"https:\/\/botanik.com.br\/site\/wp-content\/uploads\/2017\/03\/BK-PLACAS-04.jpg\" width=\"620\" height=\"400\" srcset=\"https:\/\/botanik.com.br\/site\/wp-content\/uploads\/2017\/03\/BK-PLACAS-04.jpg 620w, https:\/\/botanik.com.br\/site\/wp-content\/uploads\/2017\/03\/BK-PLACAS-04-300x194.jpg 300w\" sizes=\"(max-width: 620px) 100vw, 620px\" title=\"Print\" alt=\"\" \t\tclass=\"so-widget-image\"\/>\n<\/a><\/div>\n\n<\/div><\/div><\/div><\/div><\/div><div id=\"pg-1113-5\"  class=\"panel-grid panel-has-style\" ><div class=\"panel-row-style panel-row-style-for-1113-5\" ><div id=\"pgc-1113-5-0\"  class=\"panel-grid-cell\" ><div id=\"panel-1113-5-0-0\" class=\"so-panel widget widget_text panel-first-child panel-last-child\" data-index=\"10\" ><div class=\"panel-widget-style panel-widget-style-for-1113-5-0-0\" ><h3 class=\"widget-title\">Cadastre seu e-mail para receber nossas novidades<\/h3>\t\t\t<div class=\"textwidget\"><\/div>\n\t\t<\/div><\/div><\/div><div id=\"pgc-1113-5-1\"  class=\"panel-grid-cell\" ><div id=\"panel-1113-5-1-0\" class=\"so-panel widget widget_text panel-first-child panel-last-child\" data-index=\"11\" ><div class=\"panel-widget-style panel-widget-style-for-1113-5-1-0\" >\t\t\t<div class=\"textwidget\"><form action=\"https:\/\/botanik.mailee.me\/go\/add_contact_form\" id=\"mailee-form\" method=\"post\">\n  <fieldset>\n    <input type=\"hidden\" name=\"lists[]\" value=\"603764\">\n    <input name=\"key\" type=\"hidden\" value=\"d2c4c5\">\n    <input name=\"url_ok\" type=\"hidden\" value=\"http:\/\/www.botanik.com.br\">\n    <input name=\"url_error\" type=\"hidden\" value=\"URL_ERROR\">\n  <span>Nome<\/span>\n    <input name=\"name\" type=\"text\">\n    <span>E-Mail<\/span>\n    <input name=\"email\" type=\"text\">\n    <input type=\"submit\">\n  <\/fieldset>\n<\/form>\n<script>\n  document.getElementById('mailee-form').onsubmit = function(){\n    re = \/^[a-z0-9\\._-]+@([a-z0-9][a-z0-9-_]*[a-z0-9-_]\\.)+([a-z-_]+\\.)?([a-z-_]+)$\/\n    if(!this.email.value.match(re)) {\n      alert(\"Endere\u00e7o de email inv\u00e1lido\");\n      this.email.focus();\n      return false;\n    }\n    return true;\n  }\n<\/script><\/div>\n\t\t<\/div><\/div><\/div><\/div><\/div><\/div>","protected":false},"excerpt":{"rendered":"<p>Frete para todo o Brasil Envio via Correios por PAC ou SEDEX Compre com o cart\u00e3o de cr\u00e9dito Parcele em at\u00e9 12x* Pague \u00e0 vista Diretamente no boleto! Acompanhe nossas redes sociais Curta nossa fanpage no facebook. Siga-nos no Instagram. Cadastre seu e-mail para receber nossas novidades Nome E-Mail<\/p>\n","protected":false},"author":1,"featured_media":0,"parent":0,"menu_order":0,"comment_status":"closed","ping_status":"closed","template":"template-homepage.php","meta":[],"_links":{"self":[{"href":"https:\/\/botanik.com.br\/site\/index.php?rest_route=\/wp\/v2\/pages\/1113"}],"collection":[{"href":"https:\/\/botanik.com.br\/site\/index.php?rest_route=\/wp\/v2\/pages"}],"about":[{"href":"https:\/\/botanik.com.br\/site\/index.php?rest_route=\/wp\/v2\/types\/page"}],"author":[{"embeddable":true,"href":"https:\/\/botanik.com.br\/site\/index.php?rest_route=\/wp\/v2\/users\/1"}],"replies":[{"embeddable":true,"href":"https:\/\/botanik.com.br\/site\/index.php?rest_route=%2Fwp%2Fv2%2Fcomments&post=1113"}],"version-history":[{"count":194,"href":"https:\/\/botanik.com.br\/site\/index.php?rest_route=\/wp\/v2\/pages\/1113\/revisions"}],"predecessor-version":[{"id":1699,"href":"https:\/\/botanik.com.br\/site\/index.php?rest_route=\/wp\/v2\/pages\/1113\/revisions\/1699"}],"wp:attachment":[{"href":"https:\/\/botanik.com.br\/site\/index.php?rest_route=%2Fwp%2Fv2%2Fmedia&parent=1113"}],"curies":[{"name":"wp","href":"https:\/\/api.w.org\/{rel}","templated":true}]}}