{"id":10,"date":"2016-04-05T01:46:48","date_gmt":"2016-04-05T01:46:48","guid":{"rendered":"http:\/\/localhost:8888\/botanik\/?page_id=2"},"modified":"2018-01-12T14:02:33","modified_gmt":"2018-01-12T14:02:33","slug":"pagina-exemplo-2","status":"publish","type":"page","link":"https:\/\/botanik.com.br\/site\/?page_id=10","title":{"rendered":"Inicio"},"content":{"rendered":"<div id=\"pl-10\"  class=\"panel-layout\" ><div id=\"pg-10-0\"  class=\"panel-grid panel-no-style\" ><div id=\"pgc-10-0-0\"  class=\"panel-grid-cell\" ><div id=\"panel-10-0-0-0\" class=\"so-panel widget widget_metaslider_widget panel-first-child panel-last-child\" data-index=\"0\" ><div id=\"metaslider-id-50\" style=\"width: 100%; margin: 0 auto;\" class=\"ml-slider-3-19-0 metaslider metaslider-flex metaslider-50 ml-slider nav-hidden\">\n    <div id=\"metaslider_container_50\">\n        <div id=\"metaslider_50\" class=\"flexslider\">\n            <ul aria-live=\"polite\" class=\"slides\">\n                <li style=\"display: block; width: 100%;\" class=\"slide-1704 ms-image\"><a href=\"http:\/\/botanik.com.br\/site\/?product_cat=brilho-perola\" target=\"_self\"><img src=\"https:\/\/botanik.com.br\/site\/wp-content\/uploads\/2017\/06\/SLIDE-4-01-1800x385.jpg\" height=\"385\" width=\"1800\" alt=\"\" class=\"slider-50 slide-1704\" \/><\/a><\/li>\n                <li style=\"display: none; width: 100%;\" class=\"slide-1685 ms-image\"><a href=\"http:\/\/botanik.com.br\/site\/?page_id=1342\" target=\"_self\"><img src=\"https:\/\/botanik.com.br\/site\/wp-content\/uploads\/2017\/05\/banner-terceirizacao-01-1.jpg\" height=\"385\" width=\"1800\" alt=\"\" class=\"slider-50 slide-1685\" \/><\/a><\/li>\n                <li style=\"display: none; width: 100%;\" class=\"slide-1144 ms-image\"><a href=\"http:\/\/www.botanik.com.br\/site\/?product=creme-snake-venom-com-veneno-de-cobra\" target=\"_self\"><img src=\"https:\/\/botanik.com.br\/site\/wp-content\/uploads\/2017\/05\/SLIDE-2-01-1.jpg\" height=\"385\" width=\"1800\" alt=\"\" class=\"slider-50 slide-1144\" title=\"snake venom, veneno de cobra\" \/><\/a><\/li>\n                <li style=\"display: none; width: 100%;\" class=\"slide-1146 ms-image\"><a href=\"http:\/\/www.botanik.com.br\/site\/?product_cat=linha-face\" target=\"_self\"><img src=\"https:\/\/botanik.com.br\/site\/wp-content\/uploads\/2017\/05\/SLIDE-3-01.jpg\" height=\"385\" width=\"1800\" alt=\"\" class=\"slider-50 slide-1146\" \/><\/a><\/li>\n                <li style=\"display: none; width: 100%;\" class=\"slide-1739 ms-image\"><a href=\"http:\/\/www.botanik.com.br\/site\/?product_cat=linha-capilar\" target=\"_self\"><img src=\"https:\/\/botanik.com.br\/site\/wp-content\/uploads\/2018\/04\/SLIDE-1-01-1800x385.jpg\" height=\"385\" width=\"1800\" alt=\"\" class=\"slider-50 slide-1739\" \/><\/a><\/li>\n            <\/ul>\n        <\/div>\n        \n    <\/div>\n<\/div><\/div><\/div><\/div><div id=\"pg-10-1\"  class=\"panel-grid panel-no-style\" ><div id=\"pgc-10-1-0\"  class=\"panel-grid-cell\" ><div id=\"panel-10-1-0-0\" class=\"so-panel widget widget_sow-image panel-first-child panel-last-child\" data-index=\"1\" ><div class=\"so-widget-sow-image so-widget-sow-image-default-d6014b76747a\">\n\n<div class=\"sow-image-container\">\n\t<img src=\"https:\/\/botanik.com.br\/site\/wp-content\/uploads\/2016\/04\/banner_home_ekos_flor_da_manha_c4_2017.jpg\" width=\"1920\" height=\"519\" srcset=\"https:\/\/botanik.com.br\/site\/wp-content\/uploads\/2016\/04\/banner_home_ekos_flor_da_manha_c4_2017.jpg 1920w, https:\/\/botanik.com.br\/site\/wp-content\/uploads\/2016\/04\/banner_home_ekos_flor_da_manha_c4_2017-300x81.jpg 300w, https:\/\/botanik.com.br\/site\/wp-content\/uploads\/2016\/04\/banner_home_ekos_flor_da_manha_c4_2017-768x208.jpg 768w, https:\/\/botanik.com.br\/site\/wp-content\/uploads\/2016\/04\/banner_home_ekos_flor_da_manha_c4_2017-1024x277.jpg 1024w\" sizes=\"(max-width: 1920px) 100vw, 1920px\" alt=\"\" \t\tclass=\"so-widget-image\"\/>\n<\/div>\n\n<\/div><\/div><\/div><\/div><div id=\"pg-10-2\"  class=\"panel-grid panel-no-style\" ><div id=\"pgc-10-2-0\"  class=\"panel-grid-cell\" ><div id=\"panel-10-2-0-0\" class=\"so-panel widget widget_text panel-first-child panel-last-child\" data-index=\"2\" ><div class=\"panel-widget-style panel-widget-style-for-10-2-0-0\" ><h3 class=\"widget-title\">Institucional<\/h3>\t\t\t<div class=\"textwidget\"><p>Empresa familiar do sul do Brasil, fundada em 1997. Localizada no Distrito Industrial da cidade de Campo Bom, na regi\u00e3o metropolitana de Porto Alegre, no estado do Rio Grande do Sul. <\/p>\n<p><a>Leia mais >> <\/a><\/p>\n<\/div>\n\t\t<\/div><\/div><\/div><div id=\"pgc-10-2-1\"  class=\"panel-grid-cell\" ><div id=\"panel-10-2-1-0\" class=\"so-panel widget widget_text panel-first-child panel-last-child\" data-index=\"3\" ><div class=\"panel-widget-style panel-widget-style-for-10-2-1-0\" ><h3 class=\"widget-title\">Bases Gal\u00eanicas<\/h3>\t\t\t<div class=\"textwidget\"><p>As Bases Gal\u00eanicas Botanik Kosmetics foram especialmente formuladas para agilizar o processo de manipula\u00e7\u00e3o das farm\u00e1cias magistrais. <\/p>\n<p><a href=\"http:\/\/botanik.com.br\/site\/?page_id=954\">Leia mais >> <\/a><\/p>\n<\/div>\n\t\t<\/div><\/div><\/div><div id=\"pgc-10-2-2\"  class=\"panel-grid-cell\" ><div id=\"panel-10-2-2-0\" class=\"so-panel widget widget_text panel-first-child panel-last-child\" data-index=\"4\" ><div class=\"panel-widget-style panel-widget-style-for-10-2-2-0\" ><h3 class=\"widget-title\">Excel\u00eancia em Terceiriza\u00e7\u00e3o<\/h3>\t\t\t<div class=\"textwidget\"><p>Atrav\u00e9s de um trabalho s\u00e9rio que leva em conta as tend\u00eancias de mercado e exig\u00eancias do consumidor a Botanik Kosmetics se especializou na terceiriza\u00e7\u00e3o de marcas. <\/p>\n<p><a href\"#\">Leia mais >><\/a><\/p>\n<\/div>\n\t\t<\/div><\/div><\/div><\/div><div id=\"pg-10-3\"  class=\"panel-grid panel-no-style\" ><div id=\"pgc-10-3-0\"  class=\"panel-grid-cell\" ><div id=\"panel-10-3-0-0\" class=\"so-panel widget widget_text panel-first-child panel-last-child\" data-index=\"5\" ><div class=\"frase1 panel-widget-style panel-widget-style-for-10-3-0-0\" ><h3 class=\"widget-title\">Conte com quem \u00e9 especialista em terceiriza\u00e7\u00e3o de marcas. A Botanik Kosmetics tem 20 anos de experi\u00eancia.<\/h3>\t\t\t<div class=\"textwidget\"><\/div>\n\t\t<\/div><\/div><\/div><\/div><div id=\"pg-10-4\"  class=\"panel-grid panel-no-style\" ><div id=\"pgc-10-4-0\"  class=\"panel-grid-cell\" ><\/div><\/div><\/div>","protected":false},"excerpt":{"rendered":"<p>Institucional Empresa familiar do sul do Brasil, fundada em 1997. Localizada no Distrito Industrial da cidade de Campo Bom, na regi\u00e3o metropolitana de Porto Alegre, no estado do Rio Grande do Sul. Leia mais >> Bases Gal\u00eanicas As Bases Gal\u00eanicas Botanik Kosmetics foram especialmente formuladas para agilizar o processo de manipula\u00e7\u00e3o das farm\u00e1cias magistrais. Leia [&hellip;]<\/p>\n","protected":false},"author":1,"featured_media":0,"parent":0,"menu_order":0,"comment_status":"closed","ping_status":"open","template":"template-homepage.php","meta":[],"_links":{"self":[{"href":"https:\/\/botanik.com.br\/site\/index.php?rest_route=\/wp\/v2\/pages\/10"}],"collection":[{"href":"https:\/\/botanik.com.br\/site\/index.php?rest_route=\/wp\/v2\/pages"}],"about":[{"href":"https:\/\/botanik.com.br\/site\/index.php?rest_route=\/wp\/v2\/types\/page"}],"author":[{"embeddable":true,"href":"https:\/\/botanik.com.br\/site\/index.php?rest_route=\/wp\/v2\/users\/1"}],"replies":[{"embeddable":true,"href":"https:\/\/botanik.com.br\/site\/index.php?rest_route=%2Fwp%2Fv2%2Fcomments&post=10"}],"version-history":[{"count":11,"href":"https:\/\/botanik.com.br\/site\/index.php?rest_route=\/wp\/v2\/pages\/10\/revisions"}],"predecessor-version":[{"id":1731,"href":"https:\/\/botanik.com.br\/site\/index.php?rest_route=\/wp\/v2\/pages\/10\/revisions\/1731"}],"wp:attachment":[{"href":"https:\/\/botanik.com.br\/site\/index.php?rest_route=%2Fwp%2Fv2%2Fmedia&parent=10"}],"curies":[{"name":"wp","href":"https:\/\/api.w.org\/{rel}","templated":true}]}}